{"id":14664,"date":"2023-04-15T23:11:30","date_gmt":"2023-04-15T21:11:30","guid":{"rendered":"https:\/\/app.resist-athletics.com\/ken-porchet\/"},"modified":"2023-04-16T00:03:37","modified_gmt":"2023-04-15T22:03:37","slug":"ken-porchet","status":"publish","type":"page","link":"https:\/\/app.resist-athletics.com\/de\/ken-porchet\/","title":{"rendered":"Ken Porchet"},"content":{"rendered":"<p>[et_pb_section fb_built=&#8221;1&#8243; _builder_version=&#8221;4.19.5&#8243; _module_preset=&#8221;default&#8221; global_colors_info=&#8221;{}&#8221;][et_pb_row column_structure=&#8221;1_3,2_3&#8243; _builder_version=&#8221;4.19.5&#8243; _module_preset=&#8221;default&#8221; global_colors_info=&#8221;{}&#8221;][et_pb_column type=&#8221;1_3&#8243; _builder_version=&#8221;4.19.5&#8243; _module_preset=&#8221;default&#8221; global_colors_info=&#8221;{}&#8221;][et_pb_image src=&#8221;https:\/\/app.resist-athletics.com\/wp-content\/uploads\/2023\/03\/dc1faa3015b184e675a3de49eeea52d030403781-scaled.jpg&#8221; title_text=&#8221;dc1faa3015b184e675a3de49eeea52d030403781&#8243; _builder_version=&#8221;4.20.2&#8243; _module_preset=&#8221;default&#8221; custom_padding=&#8221;||0px|||&#8221; border_radii=&#8221;on|8px|8px|8px|8px&#8221; global_colors_info=&#8221;{}&#8221;][\/et_pb_image][\/et_pb_column][et_pb_column type=&#8221;2_3&#8243; _builder_version=&#8221;4.19.5&#8243; _module_preset=&#8221;default&#8221; global_colors_info=&#8221;{}&#8221;][et_pb_text _builder_version=&#8221;4.20.2&#8243; _module_preset=&#8221;default&#8221; text_font=&#8221;Inter|700|||||||&#8221; text_text_color=&#8221;#000000&#8243; text_font_size=&#8221;38px&#8221; global_colors_info=&#8221;{}&#8221;]<\/p>\n<p>Ken Porchet<\/p>\n<p>[\/et_pb_text][et_pb_text _builder_version=&#8221;4.20.2&#8243; _module_preset=&#8221;default&#8221; hover_enabled=&#8221;0&#8243; global_colors_info=&#8221;{}&#8221; sticky_enabled=&#8221;0&#8243;]<\/p>\n<p>Zertifizierter Personal Trainer, Experte f\u00fcr Muskelaufbau und vor allem begeisterter Trainer &#8211; ich stelle meine Erfahrung und Kreativit\u00e4t gerne zur Verf\u00fcgung.<\/p>\n<p>Ich habe f\u00fcr Dich Trainingseinheiten mit den RESIST ATHLETICS elastischen B\u00e4ndern entwickelt, die einfach umzusetzen sind.<\/p>\n<p>Seit 7 Jahren aktiv, war ich zuerst Manager eines Fitnessstudios, bevor ich dann als Personal Trainer t\u00e4tig wurde. Ich arbeite selbst\u00e4ndig und bin auch Ausbilder an der Nummer 1 Schule f\u00fcr Fitness-Training in der franz\u00f6sischsprachigen Schweiz.<\/p>\n<p>Meine Leidenschaft f\u00fcr das Training hat mich dazu gebracht, mit 25 Jahren eine Ausbildung zum Coach zu absolvieren. Seitdem hat meine Leidenschaft nicht nachgelassen, im Gegenteil!<\/p>\n<p>Die RESIST ATHLETICS elastischen B\u00e4nder sind ein unglaubliches Arbeitswerkzeug! Sie sind einfach zu verwenden, bieten unz\u00e4hlige \u00dcbungsm\u00f6glichkeiten und passen sich der gew\u00fcnschten Intensit\u00e4t des Sportlers an. Die Qualit\u00e4t ist eindeutig vorhanden: Die rutschfeste Innenseite verhindert, dass das Band sich aufrollt, was eine echte Revolution darstellt. Und sie sehen auch noch gut aus!<\/p>\n<p>[\/et_pb_text][\/et_pb_column][\/et_pb_row][\/et_pb_section]<\/p>\n","protected":false},"excerpt":{"rendered":"<p>Ken PorchetZertifizierter Personal Trainer, Experte f\u00fcr Muskelaufbau und vor allem begeisterter Trainer &#8211; ich stelle meine Erfahrung und Kreativit\u00e4t gerne zur Verf\u00fcgung. Ich habe f\u00fcr Dich Trainingseinheiten mit den RESIST ATHLETICS elastischen B\u00e4ndern entwickelt, die einfach umzusetzen sind. Seit 7 Jahren aktiv, war ich zuerst Manager eines Fitnessstudios, bevor ich dann als Personal Trainer t\u00e4tig [&hellip;]<\/p>\n","protected":false},"author":1,"featured_media":0,"parent":0,"menu_order":0,"comment_status":"closed","ping_status":"closed","template":"","meta":{"_et_pb_use_builder":"on","_et_pb_old_content":"","_et_gb_content_width":"","om_disable_all_campaigns":false,"inline_featured_image":false,"_monsterinsights_skip_tracking":false,"_monsterinsights_sitenote_active":false,"_monsterinsights_sitenote_note":"","_monsterinsights_sitenote_category":0,"_uf_show_specific_survey":0,"_uf_disable_surveys":false,"footnotes":""},"aioseo_notices":[],"yoast_head":"<!-- This site is optimized with the Yoast SEO plugin v23.3 - https:\/\/yoast.com\/wordpress\/plugins\/seo\/ -->\n<title>Ken Porchet - Resist-Athletics<\/title>\n<meta name=\"robots\" content=\"index, follow, max-snippet:-1, max-image-preview:large, max-video-preview:-1\" \/>\n<link rel=\"canonical\" href=\"https:\/\/app.resist-athletics.com\/ken-porchet\/\" \/>\n<meta property=\"og:locale\" content=\"de_DE\" \/>\n<meta property=\"og:type\" content=\"article\" \/>\n<meta property=\"og:title\" content=\"Ken Porchet - Resist-Athletics\" \/>\n<meta property=\"og:description\" content=\"Ken PorchetZertifizierter Personal Trainer, Experte f\u00fcr Muskelaufbau und vor allem begeisterter Trainer - ich stelle meine Erfahrung und Kreativit\u00e4t gerne zur Verf\u00fcgung. Ich habe f\u00fcr Dich Trainingseinheiten mit den RESIST ATHLETICS elastischen B\u00e4ndern entwickelt, die einfach umzusetzen sind. Seit 7 Jahren aktiv, war ich zuerst Manager eines Fitnessstudios, bevor ich dann als Personal Trainer t\u00e4tig [&hellip;]\" \/>\n<meta property=\"og:url\" content=\"https:\/\/app.resist-athletics.com\/ken-porchet\/\" \/>\n<meta property=\"og:site_name\" content=\"Resist-Athletics\" \/>\n<meta property=\"article:publisher\" content=\"https:\/\/www.facebook.com\/resist_athletics-799484927113317\/?ref=bookmarks\" \/>\n<meta property=\"article:modified_time\" content=\"2023-04-15T22:03:37+00:00\" \/>\n<meta name=\"twitter:card\" content=\"summary_large_image\" \/>\n<meta name=\"twitter:label1\" content=\"Gesch\u00e4tzte Lesezeit\" \/>\n\t<meta name=\"twitter:data1\" content=\"2\u00a0Minuten\" \/>\n<script type=\"application\/ld+json\" class=\"yoast-schema-graph\">{\"@context\":\"https:\/\/schema.org\",\"@graph\":[{\"@type\":\"WebPage\",\"@id\":\"https:\/\/app.resist-athletics.com\/ken-porchet\/\",\"url\":\"https:\/\/app.resist-athletics.com\/ken-porchet\/\",\"name\":\"Ken Porchet - Resist-Athletics\",\"isPartOf\":{\"@id\":\"https:\/\/app.resist-athletics.com\/#website\"},\"datePublished\":\"2023-04-15T21:11:30+00:00\",\"dateModified\":\"2023-04-15T22:03:37+00:00\",\"breadcrumb\":{\"@id\":\"https:\/\/app.resist-athletics.com\/ken-porchet\/#breadcrumb\"},\"inLanguage\":\"de\",\"potentialAction\":[{\"@type\":\"ReadAction\",\"target\":[\"https:\/\/app.resist-athletics.com\/ken-porchet\/\"]}]},{\"@type\":\"BreadcrumbList\",\"@id\":\"https:\/\/app.resist-athletics.com\/ken-porchet\/#breadcrumb\",\"itemListElement\":[{\"@type\":\"ListItem\",\"position\":1,\"name\":\"Accueil\",\"item\":\"https:\/\/app.resist-athletics.com\/\"},{\"@type\":\"ListItem\",\"position\":2,\"name\":\"Ken Porchet\"}]},{\"@type\":\"WebSite\",\"@id\":\"https:\/\/app.resist-athletics.com\/#website\",\"url\":\"https:\/\/app.resist-athletics.com\/\",\"name\":\"Resist Athletics\",\"description\":\"\",\"publisher\":{\"@id\":\"https:\/\/app.resist-athletics.com\/#organization\"},\"potentialAction\":[{\"@type\":\"SearchAction\",\"target\":{\"@type\":\"EntryPoint\",\"urlTemplate\":\"https:\/\/app.resist-athletics.com\/?s={search_term_string}\"},\"query-input\":\"required name=search_term_string\"}],\"inLanguage\":\"de\"},{\"@type\":\"Organization\",\"@id\":\"https:\/\/app.resist-athletics.com\/#organization\",\"name\":\"Resist athletics\",\"url\":\"https:\/\/app.resist-athletics.com\/\",\"logo\":{\"@type\":\"ImageObject\",\"inLanguage\":\"de\",\"@id\":\"https:\/\/app.resist-athletics.com\/#\/schema\/logo\/image\/\",\"url\":\"https:\/\/resist-athletics.com\/wp-content\/uploads\/2019\/07\/RESIST_Logo.svg\",\"contentUrl\":\"https:\/\/resist-athletics.com\/wp-content\/uploads\/2019\/07\/RESIST_Logo.svg\",\"width\":1,\"height\":1,\"caption\":\"Resist athletics\"},\"image\":{\"@id\":\"https:\/\/app.resist-athletics.com\/#\/schema\/logo\/image\/\"},\"sameAs\":[\"https:\/\/www.facebook.com\/resist_athletics-799484927113317\/?ref=bookmarks\",\"https:\/\/www.instagram.com\/resist_athletics\/\"]}]}<\/script>\n<!-- \/ Yoast SEO plugin. -->","yoast_head_json":{"title":"Ken Porchet - Resist-Athletics","robots":{"index":"index","follow":"follow","max-snippet":"max-snippet:-1","max-image-preview":"max-image-preview:large","max-video-preview":"max-video-preview:-1"},"canonical":"https:\/\/app.resist-athletics.com\/ken-porchet\/","og_locale":"de_DE","og_type":"article","og_title":"Ken Porchet - Resist-Athletics","og_description":"Ken PorchetZertifizierter Personal Trainer, Experte f\u00fcr Muskelaufbau und vor allem begeisterter Trainer - ich stelle meine Erfahrung und Kreativit\u00e4t gerne zur Verf\u00fcgung. Ich habe f\u00fcr Dich Trainingseinheiten mit den RESIST ATHLETICS elastischen B\u00e4ndern entwickelt, die einfach umzusetzen sind. Seit 7 Jahren aktiv, war ich zuerst Manager eines Fitnessstudios, bevor ich dann als Personal Trainer t\u00e4tig [&hellip;]","og_url":"https:\/\/app.resist-athletics.com\/ken-porchet\/","og_site_name":"Resist-Athletics","article_publisher":"https:\/\/www.facebook.com\/resist_athletics-799484927113317\/?ref=bookmarks","article_modified_time":"2023-04-15T22:03:37+00:00","twitter_card":"summary_large_image","twitter_misc":{"Gesch\u00e4tzte Lesezeit":"2\u00a0Minuten"},"schema":{"@context":"https:\/\/schema.org","@graph":[{"@type":"WebPage","@id":"https:\/\/app.resist-athletics.com\/ken-porchet\/","url":"https:\/\/app.resist-athletics.com\/ken-porchet\/","name":"Ken Porchet - Resist-Athletics","isPartOf":{"@id":"https:\/\/app.resist-athletics.com\/#website"},"datePublished":"2023-04-15T21:11:30+00:00","dateModified":"2023-04-15T22:03:37+00:00","breadcrumb":{"@id":"https:\/\/app.resist-athletics.com\/ken-porchet\/#breadcrumb"},"inLanguage":"de","potentialAction":[{"@type":"ReadAction","target":["https:\/\/app.resist-athletics.com\/ken-porchet\/"]}]},{"@type":"BreadcrumbList","@id":"https:\/\/app.resist-athletics.com\/ken-porchet\/#breadcrumb","itemListElement":[{"@type":"ListItem","position":1,"name":"Accueil","item":"https:\/\/app.resist-athletics.com\/"},{"@type":"ListItem","position":2,"name":"Ken Porchet"}]},{"@type":"WebSite","@id":"https:\/\/app.resist-athletics.com\/#website","url":"https:\/\/app.resist-athletics.com\/","name":"Resist Athletics","description":"","publisher":{"@id":"https:\/\/app.resist-athletics.com\/#organization"},"potentialAction":[{"@type":"SearchAction","target":{"@type":"EntryPoint","urlTemplate":"https:\/\/app.resist-athletics.com\/?s={search_term_string}"},"query-input":"required name=search_term_string"}],"inLanguage":"de"},{"@type":"Organization","@id":"https:\/\/app.resist-athletics.com\/#organization","name":"Resist athletics","url":"https:\/\/app.resist-athletics.com\/","logo":{"@type":"ImageObject","inLanguage":"de","@id":"https:\/\/app.resist-athletics.com\/#\/schema\/logo\/image\/","url":"https:\/\/resist-athletics.com\/wp-content\/uploads\/2019\/07\/RESIST_Logo.svg","contentUrl":"https:\/\/resist-athletics.com\/wp-content\/uploads\/2019\/07\/RESIST_Logo.svg","width":1,"height":1,"caption":"Resist athletics"},"image":{"@id":"https:\/\/app.resist-athletics.com\/#\/schema\/logo\/image\/"},"sameAs":["https:\/\/www.facebook.com\/resist_athletics-799484927113317\/?ref=bookmarks","https:\/\/www.instagram.com\/resist_athletics\/"]}]}},"jetpack_sharing_enabled":true,"_links":{"self":[{"href":"https:\/\/app.resist-athletics.com\/de\/wp-json\/wp\/v2\/pages\/14664"}],"collection":[{"href":"https:\/\/app.resist-athletics.com\/de\/wp-json\/wp\/v2\/pages"}],"about":[{"href":"https:\/\/app.resist-athletics.com\/de\/wp-json\/wp\/v2\/types\/page"}],"author":[{"embeddable":true,"href":"https:\/\/app.resist-athletics.com\/de\/wp-json\/wp\/v2\/users\/1"}],"replies":[{"embeddable":true,"href":"https:\/\/app.resist-athletics.com\/de\/wp-json\/wp\/v2\/comments?post=14664"}],"version-history":[{"count":5,"href":"https:\/\/app.resist-athletics.com\/de\/wp-json\/wp\/v2\/pages\/14664\/revisions"}],"predecessor-version":[{"id":14682,"href":"https:\/\/app.resist-athletics.com\/de\/wp-json\/wp\/v2\/pages\/14664\/revisions\/14682"}],"wp:attachment":[{"href":"https:\/\/app.resist-athletics.com\/de\/wp-json\/wp\/v2\/media?parent=14664"}],"curies":[{"name":"wp","href":"https:\/\/api.w.org\/{rel}","templated":true}]}}